{"id":3240,"date":"2021-05-31T04:06:40","date_gmt":"2021-05-31T04:06:40","guid":{"rendered":"https:\/\/lungflarecare.com\/sobre-a-dpoc\/habitos-saudaveis\/"},"modified":"2024-05-02T06:58:35","modified_gmt":"2024-05-02T06:58:35","slug":"habitos-saudaveis","status":"publish","type":"page","link":"https:\/\/lungflarecare.com\/pt-br\/sobre-a-dpoc\/habitos-saudaveis\/","title":{"rendered":"H\u00e1bitos saud\u00e1veis"},"content":{"rendered":"\n<div class=\"wp-block-cover has-nv-dark-bg-background-color has-background-dim\" style=\"min-height:240px;aspect-ratio:unset;\"><img loading=\"lazy\" decoding=\"async\" width=\"2121\" height=\"1414\" class=\"wp-block-cover__image-background wp-image-1484\" alt=\"\" src=\"http:\/\/lungflarecare.com\/wp-content\/uploads\/sites\/8\/2021\/08\/iStock-1322473107.jpg\" style=\"object-position:63% 34%\" data-object-fit=\"cover\" data-object-position=\"63% 34%\" srcset=\"https:\/\/lungflarecare.com\/wp-content\/uploads\/sites\/8\/2021\/08\/iStock-1322473107.jpg 2121w, https:\/\/lungflarecare.com\/wp-content\/uploads\/sites\/8\/2021\/08\/iStock-1322473107-300x200.jpg 300w, https:\/\/lungflarecare.com\/wp-content\/uploads\/sites\/8\/2021\/08\/iStock-1322473107-1024x683.jpg 1024w, https:\/\/lungflarecare.com\/wp-content\/uploads\/sites\/8\/2021\/08\/iStock-1322473107-768x512.jpg 768w, https:\/\/lungflarecare.com\/wp-content\/uploads\/sites\/8\/2021\/08\/iStock-1322473107-1536x1024.jpg 1536w, https:\/\/lungflarecare.com\/wp-content\/uploads\/sites\/8\/2021\/08\/iStock-1322473107-2048x1365.jpg 2048w, https:\/\/lungflarecare.com\/wp-content\/uploads\/sites\/8\/2021\/08\/iStock-1322473107-930x620.jpg 930w\" sizes=\"auto, (max-width: 2121px) 100vw, 2121px\" \/><div class=\"wp-block-cover__inner-container is-layout-flow wp-block-cover-is-layout-flow\">\n<p class=\"has-text-align-center has-nv-text-dark-bg-color has-text-color has-huge-font-size\">H\u00c1BITOS SAUD\u00c1VEIS<\/p>\n<\/div><\/div>\n\n<p><\/p>\n\n<p>Os tratamentos n\u00e3o farmacol\u00f3gicos (aqueles que n\u00e3o envolvem terapias com f\u00e1rmacos ou medicamentos) s\u00e3o uma parte importante da gest\u00e3o global da DPOC, em conjunto com os <a href=\"https:\/\/lungflarecare.com\/pt-br\/sobre-a-dpoc\/medicamentos\/\" data-type=\"page\" data-id=\"810\">tratamentos farmacol\u00f3gicos<\/a>, para melhorar os sintomas, melhorar a qualidade de vida, retardar a progress\u00e3o da doen\u00e7a e reduzir o risco de exacerba\u00e7\u00f5es e morte prematura. Exemplos de op\u00e7\u00f5es de gest\u00e3o n\u00e3o farmacol\u00f3gica importantes incluem <strong>deixar de fumar<\/strong>, manter<strong> n\u00edveis adequados de atividade f\u00edsica e\/ou exerc\u00edcio<\/strong>, garantir a ado\u00e7\u00e3o de <strong>h\u00e1bitos alimentares e nutricionais saud\u00e1veis<\/strong> e <strong>otimizar a sua sa\u00fade e bem-estar mental e emocional<\/strong>.<\/p>\n\n<h3 class=\"wp-block-heading\"><strong>Cessa\u00e7\u00e3o do tabagismo<\/strong><\/h3>\n\n<p>Tal como o tabagismo tem sido um fator determinante do decl\u00ednio acelerado da fun\u00e7\u00e3o pulmonar, tamb\u00e9m est\u00e1 firmemente provado que a cessa\u00e7\u00e3o do tabagismo melhora (abranda) a taxa de deteriora\u00e7\u00e3o pulmonar e atrasa o desenvolvimento de incapacidade. O tabagismo \u00e9 um fator modific\u00e1vel significativo no tratamento da DPOC.<\/p>\n\n<p>O gr\u00e1fico abaixo mostra um conjunto de curvas que demonstram a taxa de decl\u00ednio da fun\u00e7\u00e3o pulmonar e o risco de morte e incapacidade para homens que fumam e que n\u00e3o fumam, sendo que fumar provoca um agravamento mais r\u00e1pido destes resultados.  <\/p>\n\n<div id=\"https:\/\/copdx.org.au\/copd-x-plan\/confirm-diagnosis\/c1-aetiology-and-natural-history\/-b3\" class=\"wp-block-image\"><figure class=\"aligncenter size-large is-resized\"><img loading=\"lazy\" decoding=\"async\" src=\"https:\/\/lungflarecare.com\/wp-content\/uploads\/sites\/8\/2021\/06\/rccm.201702-0346ed_f1-1024x606.jpeg\" alt=\"\" class=\"wp-image-909\" width=\"768\" height=\"455\" srcset=\"https:\/\/lungflarecare.com\/wp-content\/uploads\/sites\/8\/2021\/06\/rccm.201702-0346ed_f1-1024x606.jpeg 1024w, https:\/\/lungflarecare.com\/wp-content\/uploads\/sites\/8\/2021\/06\/rccm.201702-0346ed_f1-300x178.jpeg 300w, https:\/\/lungflarecare.com\/wp-content\/uploads\/sites\/8\/2021\/06\/rccm.201702-0346ed_f1-768x455.jpeg 768w, https:\/\/lungflarecare.com\/wp-content\/uploads\/sites\/8\/2021\/06\/rccm.201702-0346ed_f1-600x355.jpeg 600w, https:\/\/lungflarecare.com\/wp-content\/uploads\/sites\/8\/2021\/06\/rccm.201702-0346ed_f1.jpeg 1258w\" sizes=\"auto, (max-width: 768px) 100vw, 768px\" \/><figcaption>Imagem reproduzida com a autoriza\u00e7\u00e3o do <a href=\"https:\/\/lungflarecare.com\/references-and-supportive-materials\/#healthy-habits-ref\" data-type=\"page\">grupo editorial Taylor &amp; Francis<\/a><\/figcaption><\/figure><\/div>\n\n<p>Al\u00e9m disso, deixar de fumar reduz o risco de cancro do pulm\u00e3o e de doen\u00e7as card\u00edacas e circulat\u00f3rias. Evitar a exposi\u00e7\u00e3o a outros irritantes, como fumos e poluentes, \u00e9 tamb\u00e9m fundamental para prevenir a progress\u00e3o acelerada da doen\u00e7a.<\/p>\n\n<p>Para a maioria das pessoas, deixar de fumar \u00e9 um processo e n\u00e3o um acontecimento isolado, e n\u00e3o se trata apenas de &#8220;deixar um mau h\u00e1bito&#8221;. A depend\u00eancia da nicotina \u00e9 uma condi\u00e7\u00e3o m\u00e9dica reconhecida, que exige uma abordagem integrada que inclua aconselhamento personalizado para deixar de fumar e uma combina\u00e7\u00e3o de aconselhamento comportamental e farmacoterapia. Saiba mais sobre como ultrapassar desafios e obter apoio para deixar de fumar <a href=\"https:\/\/lungfoundation.com.au\/lung-health\/protecting-your-lungs\/quitting-smoking\/\" target=\"_blank\" rel=\"noreferrer noopener\">aqui<\/a>.  <\/p>\n\n<figure class=\"wp-block-pullquote\" style=\"border-color:var(--nv-secondary-accent)\"><blockquote class=\"has-text-color has-neve-link-hover-color-color\"><p>Deixar de fumar \u00e9 a prioridade mais importante na DPOC &#8211; discuta as op\u00e7\u00f5es de tratamento com o seu profissional de sa\u00fade.  <\/p><\/blockquote><\/figure>\n\n<h3 class=\"wp-block-heading\"><strong>Atividade f\u00edsica e exerc\u00edcio<\/strong><\/h3>\n\n<p>Manter-se fisicamente ativo atrav\u00e9s de actividades como caminhar e\/ou fazer exerc\u00edcio \u00e9 bom para a sua sa\u00fade e bem-estar geral. Na DPOC, est\u00e1 mesmo associado a um menor risco de futuros surtos e hospitaliza\u00e7\u00f5es. Estar inativo ou sedent\u00e1rio durante longos per\u00edodos (mesmo que se pratique alguma atividade f\u00edsica) contraria estes benef\u00edcios e deve ser minimizado.<\/p>\n\n<p>Pode ser dif\u00edcil para as pessoas com DPOC manterem-se activas devido \u00e0 falta de ar durante o esfor\u00e7o, \u00e0 fadiga e\/ou a outros problemas de sa\u00fade f\u00edsica e mental. Mas \u00e9 essencial e pode melhorar com o apoio correto.<\/p>\n\n<p class=\"has-text-align-center has-nv-text-dark-bg-color has-neve-link-hover-color-background-color has-text-color has-background\"><strong><em>Manter-se ativo \u00e9 crucial quer a doen\u00e7a seja ligeira, moderada ou grave.<\/em><\/strong><\/p>\n\n<p>Os n\u00edveis adequados de atividade f\u00edsica ao longo da semana para obter benef\u00edcios para os adultos com DPOC incluem  <\/p>\n\n<div style=\"height:19px\" aria-hidden=\"true\" class=\"wp-block-spacer\"><\/div>\n\n<h4 class=\"wp-block-heading\">Pelo menos 5 dias por semana de:<\/h4>\n\n<div class=\"wp-block-columns is-layout-flex wp-container-core-columns-is-layout-9d6595d7 wp-block-columns-is-layout-flex\">\n<div class=\"wp-block-column ticss-1d79bf is-layout-flow wp-block-column-is-layout-flow\">\n<div class=\"wp-block-image\"><figure class=\"aligncenter size-full\"><img loading=\"lazy\" decoding=\"async\" width=\"208\" height=\"192\" src=\"https:\/\/lungflarecare.com\/wp-content\/uploads\/sites\/8\/2021\/10\/Screen-Shot-2021-10-08-at-11.30.10-am.png\" alt=\"\" class=\"wp-image-1988\"\/><\/figure><\/div>\n\n\n\n<p class=\"has-text-align-center has-normal-font-size\">30 minutos de atividade f\u00edsica de intensidade pelo menos moderada (por exemplo, aula de aer\u00f3bica ou desportos din\u00e2micos)<\/p>\n<\/div>\n\n\n\n<div class=\"wp-block-column ticss-1d79bf is-layout-flow wp-block-column-is-layout-flow\">\n<div class=\"wp-block-image\"><figure class=\"aligncenter size-full\"><img loading=\"lazy\" decoding=\"async\" width=\"208\" height=\"192\" src=\"https:\/\/lungflarecare.com\/wp-content\/uploads\/sites\/8\/2021\/10\/Screen-Shot-2021-10-08-at-11.30.20-am.png\" alt=\"\" class=\"wp-image-1989\"\/><\/figure><\/div>\n\n\n\n<p class=\"has-text-align-center has-normal-font-size\">Participar em tarefas quotidianas que exijam o uso de for\u00e7a muscular, por exemplo, jardinagem ou levantamento de pesos<\/p>\n<\/div>\n\n\n\n<div class=\"wp-block-column ticss-1d79bf is-layout-flow wp-block-column-is-layout-flow\">\n<div class=\"wp-block-image\"><figure class=\"aligncenter size-full\"><img loading=\"lazy\" decoding=\"async\" width=\"208\" height=\"192\" src=\"https:\/\/lungflarecare.com\/wp-content\/uploads\/sites\/8\/2021\/10\/Screen-Shot-2021-10-08-at-11.30.28-am.png\" alt=\"\" class=\"wp-image-1990\"\/><\/figure><\/div>\n\n\n\n<p class=\"has-text-align-center has-normal-font-size\">Actividades agrad\u00e1veis (por exemplo, golfe, Tai Chi, bowling)<\/p>\n<\/div>\n<\/div>\n\n<p>Se tiver completado um <a href=\"https:\/\/lungflarecare.com\/recovery-post-flare-up\/pulmonary-rehabilitation\/\" data-type=\"page\" data-id=\"828\">programa de reabilita\u00e7\u00e3o pulmon<\/a> ar no \u00faltimo ano, pode haver um programa de exerc\u00edcio especializado dirigido por profissionais formados com o objetivo de manter os benef\u00edcios obtidos com a reabilita\u00e7\u00e3o pulmonar. Na Austr\u00e1lia, o <a href=\"https:\/\/lungfoundation.com.au\/patients-carers\/support-services\/lung-disease-and-exercise\/lungs-in-action\/\" target=\"_blank\" rel=\"noreferrer noopener\">Lungs in Action<\/a> \u00e9 um programa de manuten\u00e7\u00e3o que pode acomodar dispositivos de oxig\u00e9nio e auxiliares de mobilidade. <a href=\"https:\/\/lungfoundation.com.au\/patients-carers\/support-services\/lung-disease-and-exercise\/exercise-classes\/?event_category=126\" target=\"_blank\" rel=\"noreferrer noopener\">Localize um programa perto de si<\/a> ou contacte o seu servi\u00e7o de sa\u00fade comunit\u00e1rio local para encontrar op\u00e7\u00f5es adequadas para si.<\/p>\n\n<p>Veja o v\u00eddeo abaixo da Lung Foundation Australia sobre programas de exerc\u00edcios de manuten\u00e7\u00e3o.  <\/p>\n\n<figure class=\"wp-block-embed is-type-video is-provider-youtube wp-block-embed-youtube wp-embed-aspect-16-9 wp-has-aspect-ratio\"><div class=\"wp-block-embed__wrapper\">\n<div class=\"nv-iframe-embed\"><iframe loading=\"lazy\" title=\"9. Benefits of Physical Activity Programs and Ongoing Support\" width=\"1200\" height=\"675\" src=\"https:\/\/www.youtube.com\/embed\/NECxtOxAckE?list=PLx5RMZtuxzUSqsgjyv_tds1nJs1oBw5kR\" frameborder=\"0\" allow=\"accelerometer; autoplay; clipboard-write; encrypted-media; gyroscope; picture-in-picture; web-share\" allowfullscreen><\/iframe><\/div>\n<\/div><\/figure>\n\n<h3 class=\"wp-block-heading\" id=\"diet-and-nutrition\"><strong>Dieta e nutri\u00e7\u00e3o<\/strong><\/h3>\n\n<p>A desnutri\u00e7\u00e3o e a obesidade s\u00e3o fen\u00f3menos frequentes na DPOC. A desnutri\u00e7\u00e3o ocorre por falta de ingest\u00e3o de energia devido \u00e0 falta de ar ao comer, \u00e0 press\u00e3o exercida sobre o est\u00f4mago pelos pulm\u00f5es hiper-inflados e \u00e0 perda de apetite como efeito secund\u00e1rio dos medicamentos. Os suplementos nutricionais de alto teor cal\u00f3rico devem ser considerados para pessoas subnutridas ou com doen\u00e7as graves, e \u00e9 tamb\u00e9m importante que os indiv\u00edduos sejam submetidos a uma terapia nutricional antes de declarar um estado de subnutri\u00e7\u00e3o.<\/p>\n\n<p>A obesidade, por outro lado, complica a gest\u00e3o da DPOC. A obesidade est\u00e1 associada ao aumento da utiliza\u00e7\u00e3o de inaladores, \u00e0 falta de ar, \u00e0 fadiga e \u00e0 redu\u00e7\u00e3o global da capacidade de exerc\u00edcio e da qualidade de vida. No entanto, a obesidade na DPOC pode reduzir o risco de morte.<\/p>\n\n<p>Os objectivos da gest\u00e3o nutricional na DPOC s\u00e3o a ingest\u00e3o de uma dieta equilibrada com uma variedade de alimentos e a manuten\u00e7\u00e3o de um peso saud\u00e1vel.  <\/p>\n\n<figure class=\"wp-block-table aligncenter is-style-stripes copd\"><table><tbody><tr><th><h4 style=\"text-align:center\">Estrat\u00e9gias de alimenta\u00e7\u00e3o em caso de falta de ar<\/h4><\/th><\/tr><tr><td>Planear comer pequenas refei\u00e7\u00f5es e lanches nutritivos com mais frequ\u00eancia, evitar refei\u00e7\u00f5es grandes<\/td><\/tr><tr><td>Evitar beber \u00e0s refei\u00e7\u00f5es<\/td><\/tr><tr><td>Comer devagar<\/td><\/tr><tr><td>Escolha alimentos que sejam mais f\u00e1ceis de mastigar e engolir, por exemplo, pur\u00e9 de batata, banana<\/td><\/tr><tr><td>Limitar os alimentos que provocam incha\u00e7o, por exemplo, couve-flor, feij\u00e3o, cebola<\/td><\/tr><tr><td>Limpar o muco das vias respirat\u00f3rias antes de comer<\/td><\/tr><tr><td>Planear o repouso vertical durante 15-20 minutos depois de comer<\/td><\/tr><tr><td>Se utilizar oxig\u00e9nio suplementar, use-o quando comer<\/td><\/tr><tr><td>Se tiver pouco peso, utilize alimentos ricos em nutrientes para aumentar a ingest\u00e3o de prote\u00ednas e calorias, como leite em p\u00f3, natas, queijo, manteiga de amendoim, batidos ou suplementos orais nutricionalmente completos, por exemplo, sustagen<\/td><\/tr><tr><td>Considerar o encaminhamento para um dietista para aconselhamento individual<\/td><\/tr><\/tbody><\/table><figcaption>Adaptado de <a href=\"https:\/\/copdx.org.au\/copd-x-plan\/o-optimise-function\/o6-non-pharmacological-interventions\/o610-nutrition\/\" target=\"_blank\" rel=\"noreferrer noopener\">https:\/\/copdx.org.au\/copd-x-plan\/o-optimise-function\/o6-non-pharmacological-interventions\/o610-nutrition\/<\/a><\/figcaption><\/figure>\n\n<p><\/p>\n\n<h3 class=\"wp-block-heading\"><strong>Bem-estar mental e emocional<\/strong><\/h3>\n\n<p>\u00c9 comum que as pessoas com DPOC sofram impactos negativos no humor e\/ou nas emo\u00e7\u00f5es numa determinada fase da sua doen\u00e7a. Uma sa\u00fade mental deficiente, em especial a ansiedade e a depress\u00e3o, pode levar a uma m\u00e1 gest\u00e3o de si pr\u00f3prio, a sentimentos de impot\u00eancia e ao isolamento social. Pode ser dif\u00edcil reconhecer quando se est\u00e1 a sofrer de problemas de sa\u00fade mental, mas h\u00e1 v\u00e1rias op\u00e7\u00f5es de tratamento dispon\u00edveis se procurar ajuda.  <\/p>\n\n<p>Cuidar do seu bem-estar mental e emocional n\u00e3o significa necessariamente tomar medicamentos para a ansiedade ou depress\u00e3o (embora possam ser importantes para algumas pessoas). Estrat\u00e9gias como os cuidados pessoais, o apoio psicol\u00f3gico e as terapias, a reabilita\u00e7\u00e3o pulmonar ou simplesmente o contacto com pessoas que possam partilhar experi\u00eancias semelhantes de DPOC podem ajudar.  <\/p>\n\n<p>O autocuidado n\u00e3o \u00e9 uma simples indulg\u00eancia, mas refere-se a um compromisso regular de realizar actividades identificadas para proteger o seu bem-estar. Estas actividades e os benef\u00edcios decorrentes da sua realiza\u00e7\u00e3o s\u00e3o diferentes para cada pessoa. Este  <a href=\"https:\/\/lungfoundation.com.au\/resources\/self-care-template\/\"><\/a><a href=\"https:\/\/lungfoundation.com.au\/resources\/self-care-template\/\" target=\"_blank\" rel=\"noreferrer noopener\">O modelo<\/a> pode ajud\u00e1-lo a identificar e planear actividades de autocuidado que podem ser integradas na vida quotidiana. Tamb\u00e9m pode aprender mais sobre o <a href=\"https:\/\/lungflarecare.com\/general-tips\/accessing-support\/\" data-type=\"page\" data-id=\"834\">apoio dos seus pares<\/a> ou iniciar <a href=\"https:\/\/lungfoundation.com.au\/resources\/mind-matters-series-playlist\/\" target=\"_blank\" rel=\"noreferrer noopener\">pr\u00e1ticas de aten\u00e7\u00e3o plena e de auto-compaix\u00e3o<\/a> que apoiem a sua capacidade de auto-gest\u00e3o da sua doen\u00e7a.<\/p>\n\n<div class=\"wp-block-buttons is-content-justification-center next_btn is-layout-flex wp-block-buttons-is-layout-flex\">\n<div class=\"wp-block-button is-style-secondary\"><a class=\"wp-block-button__link has-neve-link-hover-color-color has-text-color\" href=\"https:\/\/lungflarecare.com\/pt-br\/sobre-a-dpoc\/sintomas-da-dpoc\/\">&lt; Sec\u00e7\u00e3o anterior<\/a><\/div>\n\n\n\n<div class=\"wp-block-button is-style-secondary\"><a class=\"wp-block-button__link has-neve-link-hover-color-color has-text-color\" href=\"https:\/\/lungflarecare.com\/pt-br\/sobre-a-dpoc\/medicamentos\/\">Sec\u00e7\u00e3o seguinte &gt;<\/a><\/div>\n<\/div>\n\n<hr class=\"wp-block-separator is-style-default\" \/>\n\n<h6 class=\"has-text-align-center wp-block-heading\"><a href=\"https:\/\/lungflarecare.com\/references-and-supportive-materials\/#about-copd-ref\" data-type=\"page\">Refer\u00eancias<\/a><\/h6>\n","protected":false},"excerpt":{"rendered":"<p>Os tratamentos n\u00e3o farmacol\u00f3gicos (aqueles que n\u00e3o envolvem terapias com f\u00e1rmacos ou medicamentos) s\u00e3o uma parte importante da gest\u00e3o global da DPOC, em conjunto com os tratamentos farmacol\u00f3gicos, para melhorar os sintomas, melhorar a qualidade de vida, retardar a progress\u00e3o da doen\u00e7a e reduzir o risco de exacerba\u00e7\u00f5es e morte prematura. Exemplos de op\u00e7\u00f5es de&hellip;&nbsp;<a href=\"https:\/\/lungflarecare.com\/pt-br\/sobre-a-dpoc\/habitos-saudaveis\/\" rel=\"bookmark\">Read More &raquo;<span class=\"screen-reader-text\">H\u00e1bitos saud\u00e1veis<\/span><\/a><\/p>\n","protected":false},"author":2,"featured_media":0,"parent":3234,"menu_order":5,"comment_status":"closed","ping_status":"closed","template":"","meta":{"neve_meta_sidebar":"full-width","neve_meta_container":"","neve_meta_enable_content_width":"on","neve_meta_content_width":100,"neve_meta_title_alignment":"","neve_meta_author_avatar":"","neve_post_elements_order":"","neve_meta_disable_header":"","neve_meta_disable_footer":"","neve_meta_disable_title":"on","neve_meta_reading_time":"","_themeisle_gutenberg_block_has_review":false,"footnotes":""},"class_list":["post-3240","page","type-page","status-publish","hentry"],"jetpack_sharing_enabled":true,"_links":{"self":[{"href":"https:\/\/lungflarecare.com\/pt-br\/wp-json\/wp\/v2\/pages\/3240","targetHints":{"allow":["GET"]}}],"collection":[{"href":"https:\/\/lungflarecare.com\/pt-br\/wp-json\/wp\/v2\/pages"}],"about":[{"href":"https:\/\/lungflarecare.com\/pt-br\/wp-json\/wp\/v2\/types\/page"}],"author":[{"embeddable":true,"href":"https:\/\/lungflarecare.com\/pt-br\/wp-json\/wp\/v2\/users\/2"}],"replies":[{"embeddable":true,"href":"https:\/\/lungflarecare.com\/pt-br\/wp-json\/wp\/v2\/comments?post=3240"}],"version-history":[{"count":0,"href":"https:\/\/lungflarecare.com\/pt-br\/wp-json\/wp\/v2\/pages\/3240\/revisions"}],"up":[{"embeddable":true,"href":"https:\/\/lungflarecare.com\/pt-br\/wp-json\/wp\/v2\/pages\/3234"}],"wp:attachment":[{"href":"https:\/\/lungflarecare.com\/pt-br\/wp-json\/wp\/v2\/media?parent=3240"}],"curies":[{"name":"wp","href":"https:\/\/api.w.org\/{rel}","templated":true}]}}