{"id":3237,"date":"2021-05-31T03:41:41","date_gmt":"2021-05-31T03:41:41","guid":{"rendered":"https:\/\/lungflarecare.com\/sobre-a-dpoc\/fases-da-doenca-da-dpoc\/"},"modified":"2024-05-10T04:16:41","modified_gmt":"2024-05-10T04:16:41","slug":"fases-da-doenca-da-dpoc","status":"publish","type":"page","link":"https:\/\/lungflarecare.com\/pt-br\/sobre-a-dpoc\/fases-da-doenca-da-dpoc\/","title":{"rendered":"Fases da doen\u00e7a da DPOC"},"content":{"rendered":"\n<div class=\"wp-block-cover is-light\" style=\"min-height:240px;aspect-ratio:unset;\"><span aria-hidden=\"true\" class=\"wp-block-cover__background has-nv-dark-bg-background-color has-background-dim\"><\/span><img loading=\"lazy\" decoding=\"async\" width=\"2121\" height=\"1414\" class=\"wp-block-cover__image-background wp-image-1479\" alt=\"\" src=\"http:\/\/lungflarecare.com\/wp-content\/uploads\/sites\/8\/2021\/08\/iStock-484676102.jpg\" style=\"object-position:48% 37%\" data-object-fit=\"cover\" data-object-position=\"48% 37%\" srcset=\"https:\/\/lungflarecare.com\/wp-content\/uploads\/sites\/8\/2021\/08\/iStock-484676102.jpg 2121w, https:\/\/lungflarecare.com\/wp-content\/uploads\/sites\/8\/2021\/08\/iStock-484676102-300x200.jpg 300w, https:\/\/lungflarecare.com\/wp-content\/uploads\/sites\/8\/2021\/08\/iStock-484676102-1024x683.jpg 1024w, https:\/\/lungflarecare.com\/wp-content\/uploads\/sites\/8\/2021\/08\/iStock-484676102-768x512.jpg 768w, https:\/\/lungflarecare.com\/wp-content\/uploads\/sites\/8\/2021\/08\/iStock-484676102-1536x1024.jpg 1536w, https:\/\/lungflarecare.com\/wp-content\/uploads\/sites\/8\/2021\/08\/iStock-484676102-2048x1365.jpg 2048w, https:\/\/lungflarecare.com\/wp-content\/uploads\/sites\/8\/2021\/08\/iStock-484676102-930x620.jpg 930w\" sizes=\"auto, (max-width: 2121px) 100vw, 2121px\" \/><div class=\"wp-block-cover__inner-container is-layout-flow wp-block-cover-is-layout-flow\">\n<p class=\"has-text-align-center has-nv-text-dark-bg-color has-text-color has-huge-font-size\">FASES DA DOEN\u00c7A DA DPOC<\/p>\n<\/div><\/div>\n\n<p><\/p>\n\n<p>A gravidade da DPOC \u00e9 determinada de acordo com uma combina\u00e7\u00e3o de factores, em conformidade com as directrizes de sa\u00fade pulmonar. Estas directrizes podem diferir de pa\u00eds para pa\u00eds, o que pode dar origem a algumas mensagens contradit\u00f3rias ou a uma eventual confus\u00e3o. As informa\u00e7\u00f5es abaixo referem-se \u00e0s <a href=\"https:\/\/copdx.org.au\/copd-x-plan\/confirm-diagnosis\/c3-assessing-the-severity-of-copd\/\" target=\"_blank\" rel=\"noreferrer noopener\">directrizes COPD-X<\/a> da Austr\u00e1lia e da Nova Zel\u00e2ndia.<\/p>\n<figure class=\"wp-block-table is-style-stripes copd\">\n<table class=\"has-fixed-layout\">\n<thead>\n<tr>\n<td style=\"text-align: center;\" colspan=\"4\">\n<h4>Gravidade da DPOC<\/h4>\n<\/td>\n<\/tr>\n<tr>\n<th> <\/th>\n<th style=\"text-align: center;\">Leve<\/th>\n<th style=\"text-align: center;\">Moderada<\/th>\n<th style=\"text-align: center;\">Grave<\/th>\n<\/tr>\n<\/thead>\n<tbody>\n<tr>\n<th><strong>Fun\u00e7\u00e3o pulmonar (<sub>VEF1<\/sub>)*<\/strong><\/th>\n<td style=\"text-align: center;\">60-80% previsto<\/td>\n<td style=\"text-align: center;\">40-59% previsto<\/td>\n<td style=\"text-align: center;\">&lt;40% previsto<\/td>\n<\/tr>\n<tr>\n<th><strong>Sintomas t\u00edpicos<\/strong><\/th>\n<td style=\"text-align: center;\">Poucos sintomas<br \/>Falta de ar em caso de esfor\u00e7o moderado<br \/>Pouco ou nenhum impacto nas actividades di\u00e1rias<\/td>\n<td style=\"text-align: center;\">Andar sem f\u00f4lego em terreno plano<br \/>Aumento da limita\u00e7\u00e3o das actividades di\u00e1rias<\/td>\n<td style=\"text-align: center;\">Falta de ar com o m\u00ednimo esfor\u00e7o<br \/>Os sintomas restringem significativamente as actividades di\u00e1rias<\/td>\n<\/tr>\n<tr>\n<th rowspan=\"2\"><strong>Hist\u00f3rico de crises<\/strong><\/th>\n<td style=\"text-align: center;\" colspan=\"3\">Aumenta a frequ\u00eancia e a gravidade \u2192<\/td>\n<\/tr>\n<tr>\n<td> <\/td>\n<td style=\"text-align: center;\">Infec\u00e7\u00f5es pulmonares recorrentes<br \/>Eventos que requerem corticoster\u00f3ides \/ antibi\u00f3ticos<\/td>\n<td style=\"text-align: center;\">Crises frequentes e interna\u00e7\u00f5es hospitalares<\/td>\n<\/tr>\n<tr>\n<th><strong>Condi\u00e7\u00f5es m\u00e9dicas coexistentes<\/strong><\/th>\n<td style=\"text-align: center;\" colspan=\"3\">\u2190 Presente em todas as fases \u2192<\/td>\n<\/tr>\n<\/tbody>\n<\/table><figcaption><\/figcaption><\/figure>\n\n<p class=\"has-small-font-size\">* O <sub>VEF1<\/sub> \u00e9 a quantidade m\u00e1xima de ar que uma pessoa \u00e9 capaz de expirar no primeiro segundo ap\u00f3s uma inspira\u00e7\u00e3o profunda m\u00e1xima. Valores m\u00e9dios de acordo com a idade e o sexo, calculados para indiv\u00edduos saud\u00e1veis. Os resultados do V<sub>EF1<\/sub> do teste de fun\u00e7\u00e3o pulmonar da pessoa (espirometria) s\u00e3o comparados com estes valores previstos para determinar o grau de limita\u00e7\u00e3o do fluxo a\u00e9reo. <\/p>\n\n<p>Na maioria dos casos, a deteriora\u00e7\u00e3o ocorre ao longo de v\u00e1rios anos e \u00e9 dif\u00edcil prever quando ser\u00e1 o fim da vida de uma pessoa com DPOC. Saiba mais sobre os <a href=\"https:\/\/www.blf.org.uk\/support-for-you\/end-of-life\/physical-signs\" target=\"_blank\" rel=\"noreferrer noopener\">sinais f\u00edsicos dos \u00faltimos dias e o que esperar<\/a>.  <\/p>\n\n<p class=\"has-text-align-center has-nv-text-dark-bg-color has-neve-link-hover-color-background-color has-text-color has-background\"><strong><em><a href=\"https:\/\/lungflarecare.com\/pt-br\/sobre-a-dpoc\/medicamentos\/\" data-type=\"page\" data-id=\"810\" target=\"_blank\" rel=\"noreferrer noopener\">As op\u00e7\u00f5es<\/a> <a href=\"https:\/\/lungflarecare.com\/pt-br\/sobre-a-dpoc\/medicamentos\/\" data-type=\"page\" data-id=\"810\">de tratamento <\/a>, incluindo os <a href=\"https:\/\/lungflarecare.com\/general-tips\/palliative-care\/\" data-type=\"page\" data-id=\"2380\">cuidados paliativos<\/a>, est\u00e3o dispon\u00edveis para todas as fases da DPOC e podem ser adaptadas \u00e0s necessidades individuais.  <\/em><\/strong><\/p>\n\n<h3 class=\"wp-block-heading\">Progress\u00e3o da doen\u00e7a<\/h3>\n\n<p>Est\u00e3o dispon\u00edveis muitos tratamentos eficazes para ajudar a gerir aspectos espec\u00edficos da DPOC. Apesar disso, a DPOC \u00e9 uma doen\u00e7a associada a um decl\u00ednio progressivo ao longo do tempo. N\u00e3o \u00e9 f\u00e1cil prever a <em>velocidade<\/em> de progress\u00e3o da DPOC, uma vez que esta \u00e9 influenciada por muitos fatores. <\/p>\n\n<figure class=\"wp-block-pullquote has-border-color has-neve-link-hover-color-color has-text-color\" style=\"border-color:var(--nv-secondary-accent)\"><blockquote><p><em>Deixar de fumar \u00e9 o fator modific\u00e1vel mais importante na progress\u00e3o da doen\u00e7a. Nunca \u00e9 tarde <a href=\"https:\/\/lungflarecare.com\/pt-br\/sobre-a-dpoc\/habitos-saudaveis\/\" data-type=\"page\" data-id=\"820\">demais<\/a> para parar. <\/em><\/p><\/blockquote><\/figure>\n\n<p>A seguir, voc\u00ea encontra alguns exemplos de fatores que podem melhorar (abrandar) ou piorar (acelerar) a taxa de decl\u00ednio.<\/p>\n\n<div style=\"height:15px\" aria-hidden=\"true\" class=\"wp-block-spacer\"><\/div>\n\n<div class=\"wp-block-columns is-layout-flex wp-container-core-columns-is-layout-9d6595d7 wp-block-columns-is-layout-flex\">\n<div class=\"wp-block-column is-layout-flow wp-block-column-is-layout-flow\" style=\"flex-basis:25%\"><div class=\"wp-block-image\">\n<figure class=\"aligncenter size-full\"><img loading=\"lazy\" decoding=\"async\" width=\"208\" height=\"192\" src=\"https:\/\/lungflarecare.com\/wp-content\/uploads\/sites\/8\/2021\/10\/Screen-Shot-2021-10-08-at-10.48.59-am.png\" alt=\"\" class=\"wp-image-1982\"\/><\/figure>\n<\/div><\/div>\n\n\n\n<div class=\"wp-block-column is-layout-flow wp-block-column-is-layout-flow\" style=\"flex-basis:50%\">\n<figure class=\"wp-block-image size-large\"><img loading=\"lazy\" decoding=\"async\" width=\"1024\" height=\"376\" src=\"https:\/\/lungflarecare.com\/wp-content\/uploads\/sites\/8\/2021\/08\/Risk_new-1024x376.png\" alt=\"\" class=\"wp-image-1507\" srcset=\"https:\/\/lungflarecare.com\/wp-content\/uploads\/sites\/8\/2021\/08\/Risk_new-1024x376.png 1024w, https:\/\/lungflarecare.com\/wp-content\/uploads\/sites\/8\/2021\/08\/Risk_new-300x110.png 300w, https:\/\/lungflarecare.com\/wp-content\/uploads\/sites\/8\/2021\/08\/Risk_new-768x282.png 768w, https:\/\/lungflarecare.com\/wp-content\/uploads\/sites\/8\/2021\/08\/Risk_new.png 1334w\" sizes=\"auto, (max-width: 1024px) 100vw, 1024px\" \/><\/figure>\n<\/div>\n\n\n\n<div class=\"wp-block-column is-layout-flow wp-block-column-is-layout-flow\" style=\"flex-basis:25%\"><div class=\"wp-block-image\">\n<figure class=\"aligncenter size-full\"><img loading=\"lazy\" decoding=\"async\" width=\"208\" height=\"192\" src=\"https:\/\/lungflarecare.com\/wp-content\/uploads\/sites\/8\/2021\/10\/Screen-Shot-2021-10-08-at-10.49.32-am.png\" alt=\"\" class=\"wp-image-1983\"\/><\/figure>\n<\/div><\/div>\n<\/div>\n\n<div class=\"wp-block-buttons next_btn is-horizontal is-content-justification-center is-layout-flex wp-container-core-buttons-is-layout-499968f5 wp-block-buttons-is-layout-flex\">\n<div class=\"wp-block-button is-style-secondary\"><a class=\"wp-block-button__link has-neve-link-hover-color-color has-text-color wp-element-button\" href=\"https:\/\/lungflarecare.com\/pt-br\/sobre-a-dpoc\/diagnosticar-a-dpoc\/\">&lt; Sec\u00e7\u00e3o anterior<\/a><\/div>\n\n\n\n<div class=\"wp-block-button is-style-secondary\"><a class=\"wp-block-button__link has-neve-link-hover-color-color has-text-color wp-element-button\" href=\"https:\/\/lungflarecare.com\/pt-br\/sobre-a-dpoc\/sintomas-da-dpoc\/\">Pr\u00f3xima Se\u00e7\u00e3o &gt;<\/a><\/div>\n<\/div>\n\n<hr class=\"wp-block-separator has-css-opacity is-style-default\"\/>\n\n<h6 class=\"wp-block-heading has-text-align-center\"><a href=\"https:\/\/lungflarecare.com\/references-and-supportive-materials\/#about-copd-ref\" data-type=\"page\">Refer\u00eancias<\/a><\/h6>\n","protected":false},"excerpt":{"rendered":"<p>A gravidade da DPOC \u00e9 determinada de acordo com uma combina\u00e7\u00e3o de factores, em conformidade com as directrizes de sa\u00fade pulmonar. Estas directrizes podem diferir de pa\u00eds para pa\u00eds, o que pode dar origem a algumas mensagens contradit\u00f3rias ou a uma eventual confus\u00e3o. As informa\u00e7\u00f5es abaixo referem-se \u00e0s directrizes COPD-X da Austr\u00e1lia e da Nova&hellip;&nbsp;<a href=\"https:\/\/lungflarecare.com\/pt-br\/sobre-a-dpoc\/fases-da-doenca-da-dpoc\/\" rel=\"bookmark\">Read More &raquo;<span class=\"screen-reader-text\">Fases da doen\u00e7a da DPOC<\/span><\/a><\/p>\n","protected":false},"author":2,"featured_media":0,"parent":3234,"menu_order":3,"comment_status":"closed","ping_status":"closed","template":"","meta":{"neve_meta_sidebar":"full-width","neve_meta_container":"","neve_meta_enable_content_width":"on","neve_meta_content_width":100,"neve_meta_title_alignment":"","neve_meta_author_avatar":"","neve_post_elements_order":"","neve_meta_disable_header":"","neve_meta_disable_footer":"","neve_meta_disable_title":"on","neve_meta_reading_time":"","_themeisle_gutenberg_block_has_review":false,"footnotes":""},"class_list":["post-3237","page","type-page","status-publish","hentry"],"jetpack_sharing_enabled":true,"_links":{"self":[{"href":"https:\/\/lungflarecare.com\/pt-br\/wp-json\/wp\/v2\/pages\/3237","targetHints":{"allow":["GET"]}}],"collection":[{"href":"https:\/\/lungflarecare.com\/pt-br\/wp-json\/wp\/v2\/pages"}],"about":[{"href":"https:\/\/lungflarecare.com\/pt-br\/wp-json\/wp\/v2\/types\/page"}],"author":[{"embeddable":true,"href":"https:\/\/lungflarecare.com\/pt-br\/wp-json\/wp\/v2\/users\/2"}],"replies":[{"embeddable":true,"href":"https:\/\/lungflarecare.com\/pt-br\/wp-json\/wp\/v2\/comments?post=3237"}],"version-history":[{"count":0,"href":"https:\/\/lungflarecare.com\/pt-br\/wp-json\/wp\/v2\/pages\/3237\/revisions"}],"up":[{"embeddable":true,"href":"https:\/\/lungflarecare.com\/pt-br\/wp-json\/wp\/v2\/pages\/3234"}],"wp:attachment":[{"href":"https:\/\/lungflarecare.com\/pt-br\/wp-json\/wp\/v2\/media?parent=3237"}],"curies":[{"name":"wp","href":"https:\/\/api.w.org\/{rel}","templated":true}]}}