{"id":3236,"date":"2021-05-31T03:40:03","date_gmt":"2021-05-31T03:40:03","guid":{"rendered":"https:\/\/lungflarecare.com\/sobre-a-dpoc\/diagnosticar-a-dpoc\/"},"modified":"2024-05-10T02:46:27","modified_gmt":"2024-05-10T02:46:27","slug":"diagnosticar-a-dpoc","status":"publish","type":"page","link":"https:\/\/lungflarecare.com\/pt-br\/sobre-a-dpoc\/diagnosticar-a-dpoc\/","title":{"rendered":"Diagnosticando a DPOC"},"content":{"rendered":"\n<div class=\"wp-block-cover is-light\" style=\"min-height:240px;aspect-ratio:unset;\"><span aria-hidden=\"true\" class=\"has-nv-dark-bg-background-color wp-block-cover__gradient-background has-background-dim\"><\/span><img loading=\"lazy\" decoding=\"async\" width=\"2121\" height=\"1414\" class=\"wp-block-cover__image-background wp-image-1452\" alt=\"\" src=\"http:\/\/lungflarecare.com\/wp-content\/uploads\/sites\/8\/2021\/08\/iStock-1173957328.jpg\" style=\"object-position:65% 37%\" data-object-fit=\"cover\" data-object-position=\"65% 37%\" srcset=\"https:\/\/lungflarecare.com\/wp-content\/uploads\/sites\/8\/2021\/08\/iStock-1173957328.jpg 2121w, https:\/\/lungflarecare.com\/wp-content\/uploads\/sites\/8\/2021\/08\/iStock-1173957328-300x200.jpg 300w, https:\/\/lungflarecare.com\/wp-content\/uploads\/sites\/8\/2021\/08\/iStock-1173957328-1024x683.jpg 1024w, https:\/\/lungflarecare.com\/wp-content\/uploads\/sites\/8\/2021\/08\/iStock-1173957328-768x512.jpg 768w, https:\/\/lungflarecare.com\/wp-content\/uploads\/sites\/8\/2021\/08\/iStock-1173957328-1536x1024.jpg 1536w, https:\/\/lungflarecare.com\/wp-content\/uploads\/sites\/8\/2021\/08\/iStock-1173957328-2048x1365.jpg 2048w, https:\/\/lungflarecare.com\/wp-content\/uploads\/sites\/8\/2021\/08\/iStock-1173957328-930x620.jpg 930w\" sizes=\"auto, (max-width: 2121px) 100vw, 2121px\" \/><div class=\"wp-block-cover__inner-container is-layout-flow wp-block-cover-is-layout-flow\">\n<p class=\"has-text-align-center has-nv-text-dark-bg-color has-text-color has-huge-font-size\">DIAGNOSTICANDO A DPOC<\/p>\n<\/div><\/div>\n\n<p><\/p>\n\n<p>Uma vez que a DPOC \u00e9 uma doen\u00e7a de longa dura\u00e7\u00e3o, o diagn\u00f3stico precoce \u00e9 importante para permitir o in\u00edcio do tratamento e da gest\u00e3o para retardar a sua progress\u00e3o, evitar hospitaliza\u00e7\u00f5es, reduzir o risco de mortalidade (morte) e otimizar a sua qualidade de vida.<\/p>\n\n<p>A DPOC \u00e9 normalmente diagnosticada de acordo com a presen\u00e7a de v\u00e1rios factores. Estes incluem a presen\u00e7a de sintomas como a falta de ar (particularmente ao esfor\u00e7o), tosse e expetora\u00e7\u00e3o (catarro), uma hist\u00f3ria de tabagismo ou exposi\u00e7\u00e3o a outros agentes nocivos e a presen\u00e7a de comprometimento nos testes de fun\u00e7\u00e3o pulmonar (espirometria demonstrando limita\u00e7\u00e3o do fluxo a\u00e9reo).<\/p>\n\n<p><strong>O diagn\u00f3stico da DPOC leva em conta: <\/strong><\/p>\n\n<div class=\"wp-block-columns is-layout-flex wp-container-core-columns-is-layout-9d6595d7 wp-block-columns-is-layout-flex\">\n<div class=\"wp-block-column is-layout-flow wp-block-column-is-layout-flow\">\n<div class=\"wp-block-group has-nv-site-bg-background-color has-background\"><div class=\"wp-block-group__inner-container is-layout-flow wp-block-group-is-layout-flow\">\n<div class=\"wp-block-cover is-light animated fadeIn\" style=\"min-height:150px;aspect-ratio:unset;\"><span aria-hidden=\"true\" class=\"wp-block-cover__gradient-background has-background-dim\" style=\"background-color:#64beff\"><\/span><img loading=\"lazy\" decoding=\"async\" width=\"208\" height=\"204\" class=\"wp-block-cover__image-background wp-image-2058\" alt=\"\" src=\"http:\/\/lungflarecare.com\/wp-content\/uploads\/sites\/8\/2021\/10\/Screen-Shot-2021-10-21-at-1.11.15-pm.png\" data-object-fit=\"cover\" \/><div class=\"wp-block-cover__inner-container is-layout-flow wp-block-cover-is-layout-flow\">\n<p class=\"has-text-align-center has-normal-font-size\">Testes de fun\u00e7\u00e3o pulmonar (espirometria)<\/p>\n<\/div><\/div>\n\n\n\n<p><\/p>\n<\/div><\/div>\n<\/div>\n\n\n\n<div class=\"wp-block-column is-layout-flow wp-block-column-is-layout-flow\">\n<div class=\"wp-block-group has-nv-site-bg-background-color has-background\"><div class=\"wp-block-group__inner-container is-layout-flow wp-block-group-is-layout-flow\">\n<div class=\"wp-block-cover is-light animated fadeIn delay-1s\" style=\"min-height:150px;aspect-ratio:unset;\"><span aria-hidden=\"true\" class=\"wp-block-cover__gradient-background has-background-dim\" style=\"background-color:#64beff\"><\/span><img loading=\"lazy\" decoding=\"async\" width=\"208\" height=\"204\" class=\"wp-block-cover__image-background wp-image-2059\" alt=\"\" src=\"https:\/\/lungflarecare.com\/wp-content\/uploads\/sites\/8\/2021\/10\/Screen-Shot-2021-10-21-at-1.11.47-pm.png\" data-object-fit=\"cover\" \/><div class=\"wp-block-cover__inner-container is-layout-flow wp-block-cover-is-layout-flow\">\n<p class=\"has-text-align-center has-normal-font-size\">N\u00edvel de falta de ar<\/p>\n<\/div><\/div>\n\n\n\n<p><\/p>\n<\/div><\/div>\n<\/div>\n\n\n\n<div class=\"wp-block-column is-layout-flow wp-block-column-is-layout-flow\">\n<div class=\"wp-block-group has-nv-site-bg-background-color has-background\"><div class=\"wp-block-group__inner-container is-layout-flow wp-block-group-is-layout-flow\">\n<div class=\"wp-block-cover is-light animated fadeIn delay-2s\" style=\"min-height:150px;aspect-ratio:unset;\"><span aria-hidden=\"true\" class=\"wp-block-cover__gradient-background has-background-dim\" style=\"background-color:#64beff\"><\/span><img loading=\"lazy\" decoding=\"async\" width=\"208\" height=\"204\" class=\"wp-block-cover__image-background wp-image-2060\" alt=\"\" src=\"https:\/\/lungflarecare.com\/wp-content\/uploads\/sites\/8\/2021\/10\/Screen-Shot-2021-10-21-at-1.11.55-pm.png\" data-object-fit=\"cover\" \/><div class=\"wp-block-cover__inner-container is-layout-flow wp-block-cover-is-layout-flow\">\n<p class=\"has-text-align-center has-normal-font-size\">Impacto na atividade e no exerc\u00edcio<\/p>\n<\/div><\/div>\n<\/div><\/div>\n\n\n\n<p><\/p>\n<\/div>\n\n\n\n<div class=\"wp-block-column is-layout-flow wp-block-column-is-layout-flow\">\n<div class=\"wp-block-group has-nv-site-bg-background-color has-background\"><div class=\"wp-block-group__inner-container is-layout-flow wp-block-group-is-layout-flow\">\n<div class=\"wp-block-cover is-light animated fadeIn delay-3s\" style=\"min-height:150px;aspect-ratio:unset;\"><span aria-hidden=\"true\" class=\"wp-block-cover__gradient-background has-background-dim\" style=\"background-color:#64beff\"><\/span><img loading=\"lazy\" decoding=\"async\" width=\"208\" height=\"204\" class=\"wp-block-cover__image-background wp-image-2061\" alt=\"\" src=\"https:\/\/lungflarecare.com\/wp-content\/uploads\/sites\/8\/2021\/10\/Screen-Shot-2021-10-21-at-1.12.03-pm.png\" data-object-fit=\"cover\" \/><div class=\"wp-block-cover__inner-container is-layout-flow wp-block-cover-is-layout-flow\">\n<p class=\"has-text-align-center has-normal-font-size\">Presen\u00e7a de outras <a href=\"https:\/\/www.aihw.gov.au\/reports\/chronic-respiratory-conditions\/copd-associated-comorbidities-risk-factors\/contents\/about-copd-and-associated-comorbidities\" target=\"_blank\" rel=\"noreferrer noopener\">condi\u00e7\u00f5es m\u00e9dicas coexistentes<\/a><\/p>\n<\/div><\/div>\n<\/div><\/div>\n\n\n\n<p><\/p>\n<\/div>\n<\/div>\n\n<p>Ap\u00f3s um exame cl\u00ednico detalhado, o seu m\u00e9dico solicitar\u00e1 investiga\u00e7\u00f5es relevantes para ajudar a formar um diagn\u00f3stico preciso. Normalmente, isto inclui a realiza\u00e7\u00e3o de alguns testes respirat\u00f3rios, conhecidos como testes de fun\u00e7\u00e3o pulmonar. \u00c9 quase certo que isto envolva a realiza\u00e7\u00e3o de uma<a href=\"https:\/\/lungfoundation.com.au\/news\/getting-the-right-diagnosis-through-lung-function-tests\/\" target=\"_blank\" rel=\"noreferrer noopener\">&#8220;espirometria<\/a>&#8220;, mas pode envolver outros testes, dependendo das suas circunst\u00e2ncias individuais. Apresenta-se <a href=\"https:\/\/www.nhlbi.nih.gov\/health-topics\/pulmonary-function-tests\" target=\"_blank\" rel=\"noreferrer noopener\">aqui<\/a> uma breve descri\u00e7\u00e3o de alguns deles. Veja abaixo o v\u00eddeo que demonstra um teste de espirometria.<\/p>\n\n<figure class=\"wp-block-embed aligncenter is-type-video is-provider-youtube wp-block-embed-youtube ticss-44c3a863 wp-embed-aspect-16-9 wp-has-aspect-ratio\"><div class=\"wp-block-embed__wrapper\">\n<div class=\"nv-iframe-embed\"><iframe loading=\"lazy\" title=\"Taking a Spirometry Test\" width=\"1200\" height=\"675\" src=\"https:\/\/www.youtube.com\/embed\/Zs8Fs5HaJHs?feature=oembed\" frameborder=\"0\" allow=\"accelerometer; autoplay; clipboard-write; encrypted-media; gyroscope; picture-in-picture; web-share\" allowfullscreen><\/iframe><\/div>\n<\/div><\/figure>\n\n<p class=\"has-text-align-center has-nv-text-dark-bg-color has-neve-link-hover-color-background-color has-text-color has-background\"><strong><em>A espirometria deve ser realizada regularmente para ajudar a monitorizar a sua DPOC<\/em><\/strong><\/p>\n\n<p class=\"has-normal-font-size\">Outros exames que o m\u00e9dico pode pedir incluem:<\/p>\n\n<div class=\"wp-block-columns is-layout-flex wp-container-core-columns-is-layout-9d6595d7 wp-block-columns-is-layout-flex\">\n<div class=\"wp-block-column is-layout-flow wp-block-column-is-layout-flow\">\n<div class=\"wp-block-group text-over has-neve-text-color-background-color has-background\"><div class=\"wp-block-group__inner-container is-layout-flow wp-block-group-is-layout-flow\">\n<div class=\"wp-block-cover is-light\" style=\"min-height:271px;aspect-ratio:unset;\"><span aria-hidden=\"true\" class=\"wp-block-cover__gradient-background has-background-dim\"><\/span><img loading=\"lazy\" decoding=\"async\" width=\"2136\" height=\"2484\" class=\"wp-block-cover__image-background wp-image-1555\" alt=\"\" src=\"http:\/\/lungflarecare.com\/wp-content\/uploads\/sites\/8\/2021\/08\/iStock-139737413.jpg\" style=\"object-position:49% 38%\" data-object-fit=\"cover\" data-object-position=\"49% 38%\" srcset=\"https:\/\/lungflarecare.com\/wp-content\/uploads\/sites\/8\/2021\/08\/iStock-139737413.jpg 2136w, https:\/\/lungflarecare.com\/wp-content\/uploads\/sites\/8\/2021\/08\/iStock-139737413-258x300.jpg 258w, https:\/\/lungflarecare.com\/wp-content\/uploads\/sites\/8\/2021\/08\/iStock-139737413-881x1024.jpg 881w, https:\/\/lungflarecare.com\/wp-content\/uploads\/sites\/8\/2021\/08\/iStock-139737413-768x893.jpg 768w, https:\/\/lungflarecare.com\/wp-content\/uploads\/sites\/8\/2021\/08\/iStock-139737413-1321x1536.jpg 1321w, https:\/\/lungflarecare.com\/wp-content\/uploads\/sites\/8\/2021\/08\/iStock-139737413-1761x2048.jpg 1761w\" sizes=\"auto, (max-width: 2136px) 100vw, 2136px\" \/><div class=\"wp-block-cover__inner-container is-layout-flow wp-block-cover-is-layout-flow\">\n<p class=\"has-text-align-center has-nv-site-bg-color has-text-color has-large-font-size\">Radiografia do t\u00f3rax<\/p>\n<\/div><\/div>\n\n\n\n<div class=\"wp-block-cover overlay\"><span aria-hidden=\"true\" class=\"has-neve-text-color-background-color has-background-dim-100 wp-block-cover__gradient-background has-background-dim\"><\/span><div class=\"wp-block-cover__inner-container is-layout-flow wp-block-cover-is-layout-flow\">\n<p class=\"has-text-align-center has-normal-font-size\">Utiliza radia\u00e7\u00e3o electromagn\u00e9tica para tirar fotografias das estruturas dentro e \u00e0 volta do t\u00f3rax para detetar problemas facilmente identific\u00e1veis<\/p>\n<\/div><\/div>\n\n\n\n<p class=\"overlay\"><\/p>\n<\/div><\/div>\n<\/div>\n\n\n\n<div class=\"wp-block-column is-layout-flow wp-block-column-is-layout-flow\">\n<div class=\"wp-block-group text-over has-neve-text-color-background-color has-background\"><div class=\"wp-block-group__inner-container is-layout-flow wp-block-group-is-layout-flow\">\n<div class=\"wp-block-cover is-light\" style=\"min-height:270px;aspect-ratio:unset;\"><span aria-hidden=\"true\" class=\"wp-block-cover__gradient-background has-background-dim\"><\/span><img loading=\"lazy\" decoding=\"async\" width=\"1937\" height=\"1548\" class=\"wp-block-cover__image-background wp-image-1556\" alt=\"\" src=\"http:\/\/lungflarecare.com\/wp-content\/uploads\/sites\/8\/2021\/08\/iStock-462099583.jpg\" style=\"object-position:51% 58%\" data-object-fit=\"cover\" data-object-position=\"51% 58%\" srcset=\"https:\/\/lungflarecare.com\/wp-content\/uploads\/sites\/8\/2021\/08\/iStock-462099583.jpg 1937w, https:\/\/lungflarecare.com\/wp-content\/uploads\/sites\/8\/2021\/08\/iStock-462099583-300x240.jpg 300w, https:\/\/lungflarecare.com\/wp-content\/uploads\/sites\/8\/2021\/08\/iStock-462099583-1024x818.jpg 1024w, https:\/\/lungflarecare.com\/wp-content\/uploads\/sites\/8\/2021\/08\/iStock-462099583-768x614.jpg 768w, https:\/\/lungflarecare.com\/wp-content\/uploads\/sites\/8\/2021\/08\/iStock-462099583-1536x1228.jpg 1536w\" sizes=\"auto, (max-width: 1937px) 100vw, 1937px\" \/><div class=\"wp-block-cover__inner-container is-layout-flow wp-block-cover-is-layout-flow\">\n<p class=\"has-text-align-center has-nv-site-bg-color has-text-color has-large-font-size\">Tomografia computadorizada do t\u00f3rax<\/p>\n<\/div><\/div>\n\n\n\n<div class=\"wp-block-cover overlay\"><span aria-hidden=\"true\" class=\"has-neve-text-color-background-color has-background-dim-100 wp-block-cover__gradient-background has-background-dim\"><\/span><div class=\"wp-block-cover__inner-container is-layout-flow wp-block-cover-is-layout-flow\">\n<p class=\"has-text-align-center has-normal-font-size\">Tira fotografias altamente detalhadas das estruturas dentro e \u00e0 volta do t\u00f3rax para permitir uma inspe\u00e7\u00e3o minuciosa de problemas que podem ser dif\u00edceis de detetar atrav\u00e9s de uma radiografia ao t\u00f3rax<\/p>\n<\/div><\/div>\n\n\n\n<p class=\"overlay\"><\/p>\n<\/div><\/div>\n<\/div>\n\n\n\n<div class=\"wp-block-column is-layout-flow wp-block-column-is-layout-flow\">\n<div class=\"wp-block-group text-over has-neve-text-color-background-color has-background\"><div class=\"wp-block-group__inner-container is-layout-flow wp-block-group-is-layout-flow\">\n<div class=\"wp-block-cover\" style=\"min-height:270px;aspect-ratio:unset;\"><span aria-hidden=\"true\" class=\"wp-block-cover__gradient-background has-background-dim\"><\/span><img loading=\"lazy\" decoding=\"async\" width=\"2121\" height=\"1414\" class=\"wp-block-cover__image-background wp-image-1557\" alt=\"\" src=\"http:\/\/lungflarecare.com\/wp-content\/uploads\/sites\/8\/2021\/08\/iStock-1163190966.jpg\" style=\"object-position:22% 44%\" data-object-fit=\"cover\" data-object-position=\"22% 44%\" srcset=\"https:\/\/lungflarecare.com\/wp-content\/uploads\/sites\/8\/2021\/08\/iStock-1163190966.jpg 2121w, https:\/\/lungflarecare.com\/wp-content\/uploads\/sites\/8\/2021\/08\/iStock-1163190966-300x200.jpg 300w, https:\/\/lungflarecare.com\/wp-content\/uploads\/sites\/8\/2021\/08\/iStock-1163190966-1024x683.jpg 1024w, https:\/\/lungflarecare.com\/wp-content\/uploads\/sites\/8\/2021\/08\/iStock-1163190966-768x512.jpg 768w, https:\/\/lungflarecare.com\/wp-content\/uploads\/sites\/8\/2021\/08\/iStock-1163190966-1536x1024.jpg 1536w, https:\/\/lungflarecare.com\/wp-content\/uploads\/sites\/8\/2021\/08\/iStock-1163190966-2048x1365.jpg 2048w, https:\/\/lungflarecare.com\/wp-content\/uploads\/sites\/8\/2021\/08\/iStock-1163190966-930x620.jpg 930w\" sizes=\"auto, (max-width: 2121px) 100vw, 2121px\" \/><div class=\"wp-block-cover__inner-container is-layout-flow wp-block-cover-is-layout-flow\">\n<p class=\"has-text-align-center has-nv-site-bg-color has-text-color has-large-font-size\">Gasometria arterial<\/p>\n<\/div><\/div>\n\n\n\n<div class=\"wp-block-cover overlay\"><span aria-hidden=\"true\" class=\"has-neve-text-color-background-color has-background-dim-100 wp-block-cover__gradient-background has-background-dim\"><\/span><div class=\"wp-block-cover__inner-container is-layout-flow wp-block-cover-is-layout-flow\">\n<p class=\"has-text-align-center has-normal-font-size\">Uma an\u00e1lise ao sangue que fornece informa\u00e7\u00f5es detalhadas sobre a forma como os pulm\u00f5es est\u00e3o permitindo a transfer\u00eancia de oxig\u00eanio para o sangue e a remo\u00e7\u00e3o de di\u00f3xido de carbono do sangue<\/p>\n<\/div><\/div>\n\n\n\n<p class=\"overlay\"><\/p>\n<\/div><\/div>\n<\/div>\n\n\n\n<div class=\"wp-block-column is-layout-flow wp-block-column-is-layout-flow\">\n<div class=\"wp-block-group text-over has-neve-text-color-background-color has-background\"><div class=\"wp-block-group__inner-container is-layout-flow wp-block-group-is-layout-flow\">\n<div class=\"wp-block-cover is-light\" style=\"min-height:269px;aspect-ratio:unset;\"><span aria-hidden=\"true\" class=\"wp-block-cover__gradient-background has-background-dim\"><\/span><img loading=\"lazy\" decoding=\"async\" width=\"2121\" height=\"1414\" class=\"wp-block-cover__image-background wp-image-1558\" alt=\"\" src=\"http:\/\/lungflarecare.com\/wp-content\/uploads\/sites\/8\/2021\/08\/iStock-1311460012.jpg\" style=\"object-position:34% 55%\" data-object-fit=\"cover\" data-object-position=\"34% 55%\" srcset=\"https:\/\/lungflarecare.com\/wp-content\/uploads\/sites\/8\/2021\/08\/iStock-1311460012.jpg 2121w, https:\/\/lungflarecare.com\/wp-content\/uploads\/sites\/8\/2021\/08\/iStock-1311460012-300x200.jpg 300w, https:\/\/lungflarecare.com\/wp-content\/uploads\/sites\/8\/2021\/08\/iStock-1311460012-1024x683.jpg 1024w, https:\/\/lungflarecare.com\/wp-content\/uploads\/sites\/8\/2021\/08\/iStock-1311460012-768x512.jpg 768w, https:\/\/lungflarecare.com\/wp-content\/uploads\/sites\/8\/2021\/08\/iStock-1311460012-1536x1024.jpg 1536w, https:\/\/lungflarecare.com\/wp-content\/uploads\/sites\/8\/2021\/08\/iStock-1311460012-2048x1365.jpg 2048w, https:\/\/lungflarecare.com\/wp-content\/uploads\/sites\/8\/2021\/08\/iStock-1311460012-930x620.jpg 930w\" sizes=\"auto, (max-width: 2121px) 100vw, 2121px\" \/><div class=\"wp-block-cover__inner-container is-layout-flow wp-block-cover-is-layout-flow\">\n<p class=\"has-text-align-center has-nv-site-bg-color has-text-color has-large-font-size\">Testes laboratoriais<\/p>\n<\/div><\/div>\n\n\n\n<div class=\"wp-block-cover overlay\"><span aria-hidden=\"true\" class=\"has-neve-text-color-background-color has-background-dim-100 wp-block-cover__gradient-background has-background-dim\"><\/span><div class=\"wp-block-cover__inner-container is-layout-flow wp-block-cover-is-layout-flow\">\n<p class=\"has-text-align-center has-normal-font-size\">Podem ser realizados v\u00e1rios outros exames para compreender melhor outras causas poss\u00edveis dos seus sintomas. Por exemplo, testes de esfor\u00e7o, ecocardiograma<\/p>\n<\/div><\/div>\n\n\n\n<p class=\"overlay\"><\/p>\n<\/div><\/div>\n<\/div>\n<\/div>\n\n<div class=\"wp-block-buttons next_btn is-horizontal is-content-justification-center is-layout-flex wp-container-core-buttons-is-layout-499968f5 wp-block-buttons-is-layout-flex\">\n<div class=\"wp-block-button is-style-secondary\"><a class=\"wp-block-button__link has-neve-link-hover-color-color has-text-color\" href=\"https:\/\/lungflarecare.com\/pt-br\/sobre-a-dpoc\/compreender-a-dpoc\/\">&lt; Sec\u00e7\u00e3o anterior<\/a><\/div>\n\n\n\n<div class=\"wp-block-button is-style-secondary\"><a class=\"wp-block-button__link has-neve-link-hover-color-color has-text-color\" href=\"https:\/\/lungflarecare.com\/pt-br\/sobre-a-dpoc\/fases-da-doenca-da-dpoc\/\">Pr\u00f3xima Se\u00e7\u00e3o &gt;<\/a><\/div>\n<\/div>\n\n<hr class=\"wp-block-separator is-style-default\" \/>\n\n<h6 class=\"has-text-align-center wp-block-heading\"><a href=\"https:\/\/lungflarecare.com\/references-and-supportive-materials\/#about-copd-ref\" data-type=\"page\">Refer\u00eancias<\/a><\/h6>\n","protected":false},"excerpt":{"rendered":"<p>Uma vez que a DPOC \u00e9 uma doen\u00e7a de longa dura\u00e7\u00e3o, o diagn\u00f3stico precoce \u00e9 importante para permitir o in\u00edcio do tratamento e da gest\u00e3o para retardar a sua progress\u00e3o, evitar hospitaliza\u00e7\u00f5es, reduzir o risco de mortalidade (morte) e otimizar a sua qualidade de vida. A DPOC \u00e9 normalmente diagnosticada de acordo com a presen\u00e7a&hellip;&nbsp;<a href=\"https:\/\/lungflarecare.com\/pt-br\/sobre-a-dpoc\/diagnosticar-a-dpoc\/\" rel=\"bookmark\">Read More &raquo;<span class=\"screen-reader-text\">Diagnosticando a DPOC<\/span><\/a><\/p>\n","protected":false},"author":2,"featured_media":0,"parent":3234,"menu_order":2,"comment_status":"closed","ping_status":"closed","template":"","meta":{"neve_meta_sidebar":"full-width","neve_meta_container":"","neve_meta_enable_content_width":"on","neve_meta_content_width":100,"neve_meta_title_alignment":"","neve_meta_author_avatar":"","neve_post_elements_order":"","neve_meta_disable_header":"","neve_meta_disable_footer":"","neve_meta_disable_title":"on","neve_meta_reading_time":"","_themeisle_gutenberg_block_has_review":false,"footnotes":""},"class_list":["post-3236","page","type-page","status-publish","hentry"],"jetpack_sharing_enabled":true,"_links":{"self":[{"href":"https:\/\/lungflarecare.com\/pt-br\/wp-json\/wp\/v2\/pages\/3236","targetHints":{"allow":["GET"]}}],"collection":[{"href":"https:\/\/lungflarecare.com\/pt-br\/wp-json\/wp\/v2\/pages"}],"about":[{"href":"https:\/\/lungflarecare.com\/pt-br\/wp-json\/wp\/v2\/types\/page"}],"author":[{"embeddable":true,"href":"https:\/\/lungflarecare.com\/pt-br\/wp-json\/wp\/v2\/users\/2"}],"replies":[{"embeddable":true,"href":"https:\/\/lungflarecare.com\/pt-br\/wp-json\/wp\/v2\/comments?post=3236"}],"version-history":[{"count":0,"href":"https:\/\/lungflarecare.com\/pt-br\/wp-json\/wp\/v2\/pages\/3236\/revisions"}],"up":[{"embeddable":true,"href":"https:\/\/lungflarecare.com\/pt-br\/wp-json\/wp\/v2\/pages\/3234"}],"wp:attachment":[{"href":"https:\/\/lungflarecare.com\/pt-br\/wp-json\/wp\/v2\/media?parent=3236"}],"curies":[{"name":"wp","href":"https:\/\/api.w.org\/{rel}","templated":true}]}}