{"id":3235,"date":"2021-05-31T03:39:24","date_gmt":"2021-05-31T03:39:24","guid":{"rendered":"https:\/\/lungflarecare.com\/sobre-a-dpoc\/compreender-a-dpoc\/"},"modified":"2024-05-10T04:08:46","modified_gmt":"2024-05-10T04:08:46","slug":"compreender-a-dpoc","status":"publish","type":"page","link":"https:\/\/lungflarecare.com\/pt-br\/sobre-a-dpoc\/compreender-a-dpoc\/","title":{"rendered":"Compreendendo a DPOC"},"content":{"rendered":"\n<div class=\"wp-block-cover is-light\" style=\"min-height:250px;aspect-ratio:unset;\"><span aria-hidden=\"true\" class=\"wp-block-cover__background has-nv-dark-bg-background-color has-background-dim\"><\/span><img loading=\"lazy\" decoding=\"async\" width=\"2121\" height=\"1414\" class=\"wp-block-cover__image-background wp-image-1481\" alt=\"\" src=\"http:\/\/lungflarecare.com\/wp-content\/uploads\/sites\/8\/2021\/08\/iStock-486896088-1.jpg\" style=\"object-position:31% 7%\" data-object-fit=\"cover\" data-object-position=\"31% 7%\" srcset=\"https:\/\/lungflarecare.com\/wp-content\/uploads\/sites\/8\/2021\/08\/iStock-486896088-1.jpg 2121w, https:\/\/lungflarecare.com\/wp-content\/uploads\/sites\/8\/2021\/08\/iStock-486896088-1-300x200.jpg 300w, https:\/\/lungflarecare.com\/wp-content\/uploads\/sites\/8\/2021\/08\/iStock-486896088-1-1024x683.jpg 1024w, https:\/\/lungflarecare.com\/wp-content\/uploads\/sites\/8\/2021\/08\/iStock-486896088-1-768x512.jpg 768w, https:\/\/lungflarecare.com\/wp-content\/uploads\/sites\/8\/2021\/08\/iStock-486896088-1-1536x1024.jpg 1536w, https:\/\/lungflarecare.com\/wp-content\/uploads\/sites\/8\/2021\/08\/iStock-486896088-1-2048x1365.jpg 2048w, https:\/\/lungflarecare.com\/wp-content\/uploads\/sites\/8\/2021\/08\/iStock-486896088-1-930x620.jpg 930w\" sizes=\"auto, (max-width: 2121px) 100vw, 2121px\" \/><div class=\"wp-block-cover__inner-container is-layout-flow wp-block-cover-is-layout-flow\">\n<p class=\"has-text-align-center has-nv-text-dark-bg-color has-text-color has-huge-font-size\">COMPREENDENDO A DPOC<\/p>\n<\/div><\/div>\n\n\n\n<p><\/p>\n\n\n\n<p>A <strong>DPOC<\/strong> \u00e9 um termo gen\u00e9rico que se refere a um grupo de doen\u00e7as pulmonares cr\u00f4nicas caracterizadas pela dificuldade em esvaziar o ar dos pulm\u00f5es. Isto ocorre devido a altera\u00e7\u00f5es nos tubos de respira\u00e7\u00e3o (vias a\u00e9reas) causadas por incha\u00e7o, inflama\u00e7\u00e3o e muco de longa dura\u00e7\u00e3o, e\/ou uma perda de recuo pulmonar causada por sacos de ar danificados (alv\u00e9olos). Podemos ver isto na figura abaixo:<\/p>\n\n\n\n<div class=\"wp-block-columns is-layout-flex wp-container-core-columns-is-layout-9d6595d7 wp-block-columns-is-layout-flex\">\n<div class=\"wp-block-column is-layout-flow wp-block-column-is-layout-flow\" style=\"flex-basis:33.33%\">\n<div style=\"height:37px\" aria-hidden=\"true\" class=\"wp-block-spacer\"><\/div>\n\n\n\n<h4 class=\"wp-block-heading\">DPOC significa:<\/h4>\n\n\n\n<div style=\"height:25px\" aria-hidden=\"true\" class=\"wp-block-spacer\"><\/div>\n\n\n\n<p class=\"letter-box\"><span>D<\/span> &#8211; doen\u00e7a (dist\u00farbio)<\/p>\n\n\n\n<p><\/p>\n\n\n\n<p class=\"letter-box\"><span>P<\/span> &#8211; pulmonar (pulm\u00e3o)<\/p>\n\n\n\n<p><\/p>\n\n\n\n<p class=\"letter-box\"><span>O<\/span> &#8211; obstrutiva (fluxo de ar parcialmente bloqueado)<\/p>\n\n\n\n<p><\/p>\n\n\n\n<p class=\"letter-box\"><span>C<\/span> &#8211; cr\u00f4nica (longo prazo)<\/p>\n<\/div>\n\n\n\n<div class=\"wp-block-column is-layout-flow wp-block-column-is-layout-flow\" style=\"flex-basis:70%\">\n<div style=\"height:20px\" aria-hidden=\"true\" class=\"wp-block-spacer\"><\/div>\n\n\n<div class=\"wp-block-image\">\n<figure class=\"aligncenter is-resized\"><img decoding=\"async\" src=\"http:\/\/lungflarecare.com\/wp-content\/uploads\/sites\/8\/2021\/08\/COPD_cropped.jpg\" alt=\"\" style=\"width:737px;height:449px\"\/><\/figure>\n<\/div><\/div>\n<\/div>\n\n\n\n<p>Voc\u00ea poder\u00e1 ouvir termos como <strong>enfisema<\/strong>, <strong>bronquite cr\u00f4nica<\/strong> ou mesmo <strong>asma cr\u00f4nica<\/strong> quando se descreve a DPOC. Cada doen\u00e7a \u00e9 diferente, mas pode tamb\u00e9m sobrepor-se ou coexistir.<\/p>\n\n\n\n<ol class=\"wp-block-list\">\n<li>O enfisema envolve normalmente a destrui\u00e7\u00e3o dos sacos de ar muito pequenos (alv\u00e9olos)<\/li>\n\n\n\n<li>A bronquite cr\u00f4nica envolve normalmente a produ\u00e7\u00e3o persistente de expectora\u00e7\u00e3o (catarro) e a inflama\u00e7\u00e3o das vias a\u00e9reas<\/li>\n\n\n\n<li>A asma cr\u00f4nica envolve normalmente estreitamento das vias a\u00e9reas, inflama\u00e7\u00e3o e\/ou produ\u00e7\u00e3o de expectora\u00e7\u00e3o<\/li>\n<\/ol>\n\n\n\n<p>A DPOC s\u00f3 \u00e9 confirmada quando os testes de fun\u00e7\u00e3o pulmonar (designados <a href=\"https:\/\/lungflarecare.com\/pt-br\/sobre-a-dpoc\/diagnosticar-a-dpoc\/\" data-type=\"page\" data-id=\"807\">por espirometria<\/a>) detectam <em>uma obstru\u00e7\u00e3o cr\u00f4nica do fluxo de ar.<\/em> Pode, portanto, ter caracter\u00edsticas cl\u00ednicas de enfisema, bronquite cr\u00f4nica e\/ou asma cr\u00f4nica, mas n\u00e3o corresponder \u00e0 defini\u00e7\u00e3o de DPOC. Est\u00e3o dispon\u00edveis mais informa\u00e7\u00f5es na <a href=\"https:\/\/lungflarecare.com\/pt-br\/sobre-a-dpoc\/diagnosticar-a-dpoc\/\">se\u00e7\u00e3o de diagn\u00f3stico da DPOC deste<\/a> site ou no v\u00eddeo abaixo.<\/p>\n\n\n\n<div style=\"height:30px\" aria-hidden=\"true\" class=\"wp-block-spacer\"><\/div>\n\n\n\n<figure class=\"wp-block-embed is-type-video is-provider-youtube wp-block-embed-youtube wp-embed-aspect-16-9 wp-has-aspect-ratio\"><div class=\"wp-block-embed__wrapper\">\n<div class=\"nv-iframe-embed\"><iframe loading=\"lazy\" title=\"Understanding COPD\" width=\"1200\" height=\"675\" src=\"https:\/\/www.youtube.com\/embed\/ivxRiso2XXA?feature=oembed\" frameborder=\"0\" allow=\"accelerometer; autoplay; clipboard-write; encrypted-media; gyroscope; picture-in-picture; web-share\" allowfullscreen><\/iframe><\/div>\n<\/div><\/figure>\n\n\n\n<figure class=\"wp-block-pullquote has-border-color has-neve-link-hover-color-color has-text-color\" style=\"border-color:var(--nv-secondary-accent)\"><blockquote><p>Por vezes, s\u00e3o utilizados termos diferentes para descrever a DPOC. Se n\u00e3o tiver a certeza do seu diagn\u00f3stico, consulte um profissional de sa\u00fade.<\/p><\/blockquote><\/figure>\n\n\n\n<h3 class=\"wp-block-heading\"><strong>Causas<\/strong> <strong>da DPOC<\/strong><\/h3>\n\n\n\n<p>A DPOC \u00e9 causada por uma intera\u00e7\u00e3o complexa entre muitos factores diferentes. Estas podem incluir exposi\u00e7\u00f5es que contribuem diretamente para a les\u00e3o pulmonar (por exemplo, o tabagismo), gen\u00e9tica (incluindo a <a rel=\"noreferrer noopener\" href=\"https:\/\/lungfoundation.com.au\/wp-content\/uploads\/2018\/09\/Factsheet-Alpha-1-ATD-Aug2021.pdf\" target=\"_blank\">defici\u00eancia de alfa-1 antitripsina<\/a>), o impacto de outros processos de doen\u00e7a pulmonar (por exemplo, infec\u00e7\u00f5es), crescimento e\/ou desenvolvimento anormal dos pulm\u00f5es e influ\u00eancias ambientais (incluindo exposi\u00e7\u00f5es no trabalho).  <\/p>\n\n\n<div class=\"wp-block-image\">\n<figure class=\"aligncenter size-large is-resized\"><img loading=\"lazy\" decoding=\"async\" width=\"1024\" height=\"183\" src=\"https:\/\/lungflarecare.com\/wp-content\/uploads\/sites\/8\/2021\/08\/COPD-causes-1024x183.png\" alt=\"\" class=\"wp-image-1287\" style=\"width:729px;height:130px\" srcset=\"https:\/\/lungflarecare.com\/wp-content\/uploads\/sites\/8\/2021\/08\/COPD-causes-1024x183.png 1024w, https:\/\/lungflarecare.com\/wp-content\/uploads\/sites\/8\/2021\/08\/COPD-causes-300x54.png 300w, https:\/\/lungflarecare.com\/wp-content\/uploads\/sites\/8\/2021\/08\/COPD-causes-768x138.png 768w, https:\/\/lungflarecare.com\/wp-content\/uploads\/sites\/8\/2021\/08\/COPD-causes.png 1474w\" sizes=\"auto, (max-width: 1024px) 100vw, 1024px\" \/><\/figure>\n<\/div>\n\n\n<p>O tabagismo continua a ser o fator de risco mais proeminente para o desenvolvimento de DPOC, no entanto <strong>de 20 a 40% das pessoas com DPOC nunca fumaram. <\/strong> Muitas pessoas com DPOC relatam experi\u00eancias negativas de estigma, culpa e vergonha relacionadas com a percep\u00e7\u00e3o de que a sua doen\u00e7a foi causada por elas mesmas. \u00c9 importante estar atento a esses sentimentos e garantir que cada pessoa recebe o respeito, os cuidados e o apoio que merece. Para mais informa\u00e7\u00f5es sobre o estigma, consultar <a rel=\"noreferrer noopener\" href=\"https:\/\/lungfoundation.com.au\/news\/dealing-with-feelings-of-stigma-and-shame\/\" target=\"_blank\">aqui<\/a>.<\/p>\n\n\n\n<p><\/p>\n\n\n\n<p>Se quiser saber mais sobre a DPOC, pode obter mais informa\u00e7\u00f5es junto das sociedades de sa\u00fade pulmonar. Os links a seguir oferecem uma <a href=\"https:\/\/lungfoundation.com.au\/wp-content\/uploads\/2018\/09\/Book-COPD-The-Basics-July2020.pdf\" target=\"_blank\" rel=\"noreferrer noopener\">vis\u00e3o geral da D<\/a>POC, conselhos sobre como <a href=\"https:\/\/lungfoundation.com.au\/wp-content\/uploads\/2018\/09\/Book-Better-Living-with-COPD-Dec2016.pdf\" target=\"_blank\" rel=\"noreferrer noopener\">viver com a DPOC<\/a> ou um <a href=\"https:\/\/cope.lungfoundation.com.au\/\" target=\"_blank\" rel=\"noreferrer noopener\">programa online detalhado de educa\u00e7\u00e3o do doente<\/a> . <\/p>\n\n\n\n<div class=\"wp-block-buttons next_btn is-horizontal is-content-justification-right is-layout-flex wp-container-core-buttons-is-layout-ae2fe186 wp-block-buttons-is-layout-flex\">\n<div class=\"wp-block-button is-style-secondary\"><a class=\"wp-block-button__link has-neve-link-hover-color-color has-text-color wp-element-button\" href=\"https:\/\/lungflarecare.com\/pt-br\/sobre-a-dpoc\/diagnosticar-a-dpoc\/\">Pr\u00f3xima se\u00e7\u00e3o&gt;<\/a><\/div>\n<\/div>\n\n\n\n<hr class=\"wp-block-separator has-css-opacity is-style-default\"\/>\n\n\n\n<h6 class=\"wp-block-heading has-text-align-center\"><a href=\"https:\/\/lungflarecare.com\/references-and-supportive-materials\/#about-COPD-ref\" data-type=\"page\">Refer\u00eancias<\/a><\/h6>\n","protected":false},"excerpt":{"rendered":"<p>A DPOC \u00e9 um termo gen\u00e9rico que se refere a um grupo de doen\u00e7as pulmonares cr\u00f4nicas caracterizadas pela dificuldade em esvaziar o ar dos pulm\u00f5es. Isto ocorre devido a altera\u00e7\u00f5es nos tubos de respira\u00e7\u00e3o (vias a\u00e9reas) causadas por incha\u00e7o, inflama\u00e7\u00e3o e muco de longa dura\u00e7\u00e3o, e\/ou uma perda de recuo pulmonar causada por sacos de&hellip;&nbsp;<a href=\"https:\/\/lungflarecare.com\/pt-br\/sobre-a-dpoc\/compreender-a-dpoc\/\" rel=\"bookmark\">Read More &raquo;<span class=\"screen-reader-text\">Compreendendo a DPOC<\/span><\/a><\/p>\n","protected":false},"author":2,"featured_media":2694,"parent":3234,"menu_order":1,"comment_status":"closed","ping_status":"closed","template":"","meta":{"neve_meta_sidebar":"full-width","neve_meta_container":"","neve_meta_enable_content_width":"on","neve_meta_content_width":100,"neve_meta_title_alignment":"","neve_meta_author_avatar":"","neve_post_elements_order":"","neve_meta_disable_header":"","neve_meta_disable_footer":"","neve_meta_disable_title":"on","neve_meta_reading_time":"","_themeisle_gutenberg_block_has_review":false,"footnotes":""},"class_list":["post-3235","page","type-page","status-publish","has-post-thumbnail","hentry"],"jetpack_sharing_enabled":true,"_links":{"self":[{"href":"https:\/\/lungflarecare.com\/pt-br\/wp-json\/wp\/v2\/pages\/3235","targetHints":{"allow":["GET"]}}],"collection":[{"href":"https:\/\/lungflarecare.com\/pt-br\/wp-json\/wp\/v2\/pages"}],"about":[{"href":"https:\/\/lungflarecare.com\/pt-br\/wp-json\/wp\/v2\/types\/page"}],"author":[{"embeddable":true,"href":"https:\/\/lungflarecare.com\/pt-br\/wp-json\/wp\/v2\/users\/2"}],"replies":[{"embeddable":true,"href":"https:\/\/lungflarecare.com\/pt-br\/wp-json\/wp\/v2\/comments?post=3235"}],"version-history":[{"count":0,"href":"https:\/\/lungflarecare.com\/pt-br\/wp-json\/wp\/v2\/pages\/3235\/revisions"}],"up":[{"embeddable":true,"href":"https:\/\/lungflarecare.com\/pt-br\/wp-json\/wp\/v2\/pages\/3234"}],"wp:featuredmedia":[{"embeddable":true,"href":"https:\/\/lungflarecare.com\/pt-br\/wp-json\/wp\/v2\/media\/2694"}],"wp:attachment":[{"href":"https:\/\/lungflarecare.com\/pt-br\/wp-json\/wp\/v2\/media?parent=3235"}],"curies":[{"name":"wp","href":"https:\/\/api.w.org\/{rel}","templated":true}]}}