{"id":3234,"date":"2021-05-31T03:35:07","date_gmt":"2021-05-31T03:35:07","guid":{"rendered":"https:\/\/lungflarecare.com\/sobre-a-dpoc\/"},"modified":"2024-05-10T02:04:25","modified_gmt":"2024-05-10T02:04:25","slug":"sobre-a-dpoc","status":"publish","type":"page","link":"https:\/\/lungflarecare.com\/pt-br\/sobre-a-dpoc\/","title":{"rendered":"Sobre a DPOC"},"content":{"rendered":"\n<p id=\"block-7c007a48-ef5b-47b4-b08d-a1b9f108228a\">Uma boa gest\u00e3o da DPOC come\u00e7a com um conhecimento exato das suas causas, diagn\u00f3stico, impacto e tratamento. Embora a DPOC possa n\u00e3o ter cura, muitas coisas podem ser feitas para reduzir o seu impacto na fun\u00e7\u00e3o di\u00e1ria e otimizar a qualidade de vida das pessoas afectadas por ela. Esta se\u00e7\u00e3o apresenta uma vis\u00e3o geral dos t\u00f3picos que s\u00e3o essenciais para melhorar a sua compreens\u00e3o da vida com DPOC. <\/p>\n\n<div style=\"height:40px\" aria-hidden=\"true\" class=\"wp-block-spacer\"><\/div>\n\n<p><strong>Esta sec\u00e7\u00e3o abrange: <\/strong><\/p>\n\n<div class=\"wp-block-columns is-layout-flex wp-container-core-columns-is-layout-9d6595d7 wp-block-columns-is-layout-flex\">\n<div class=\"wp-block-column is-layout-flow wp-block-column-is-layout-flow\">\n<div class=\"wp-block-image\"><figure class=\"aligncenter size-thumbnail\"><a href=\"https:\/\/lungflarecare.com\/pt-br\/sobre-a-dpoc\/compreender-a-dpoc\/\"><img loading=\"lazy\" decoding=\"async\" width=\"150\" height=\"150\" src=\"https:\/\/lungflarecare.com\/wp-content\/uploads\/sites\/8\/2021\/08\/iStock-486896088-1-150x150.jpg\" alt=\"\" class=\"wp-image-1481\"\/><\/a><\/figure><\/div>\n\n\n\n<p class=\"has-text-align-center\"><a href=\"https:\/\/lungflarecare.com\/pt-br\/sobre-a-dpoc\/compreender-a-dpoc\/\">Compreendeendo a DPOC<\/a><\/p>\n<\/div>\n\n\n\n<div class=\"wp-block-column is-layout-flow wp-block-column-is-layout-flow\">\n<div class=\"wp-block-image\"><figure class=\"aligncenter size-thumbnail\"><a href=\"https:\/\/lungflarecare.com\/pt-br\/sobre-a-dpoc\/diagnosticar-a-dpoc\/\"><img loading=\"lazy\" decoding=\"async\" width=\"150\" height=\"150\" src=\"https:\/\/lungflarecare.com\/wp-content\/uploads\/sites\/8\/2021\/08\/iStock-1173957328-150x150.jpg\" alt=\"\" class=\"wp-image-1452\"\/><\/a><\/figure><\/div>\n\n\n\n<p class=\"has-text-align-center\"><a href=\"https:\/\/lungflarecare.com\/pt-br\/sobre-a-dpoc\/diagnosticar-a-dpoc\/\">Diagnosticando a DPOC<\/a><\/p>\n<\/div>\n\n\n\n<div class=\"wp-block-column is-layout-flow wp-block-column-is-layout-flow\">\n<div class=\"wp-block-image\"><figure class=\"aligncenter size-thumbnail\"><a href=\"https:\/\/lungflarecare.com\/pt-br\/sobre-a-dpoc\/fases-da-doenca-da-dpoc\/\"><img loading=\"lazy\" decoding=\"async\" width=\"150\" height=\"150\" src=\"https:\/\/lungflarecare.com\/wp-content\/uploads\/sites\/8\/2021\/08\/iStock-484676102-150x150.jpg\" alt=\"\" class=\"wp-image-1479\"\/><\/a><\/figure><\/div>\n\n\n\n<p class=\"has-text-align-center\"><a href=\"https:\/\/lungflarecare.com\/pt-br\/sobre-a-dpoc\/fases-da-doenca-da-dpoc\/\">Fases e progress\u00e3o da doen\u00e7a<\/a><\/p>\n<\/div>\n\n\n\n<div class=\"wp-block-column is-layout-flow wp-block-column-is-layout-flow\">\n<div class=\"wp-block-image\"><figure class=\"aligncenter size-thumbnail is-resized\"><a href=\"https:\/\/lungflarecare.com\/pt-br\/sobre-a-dpoc\/sintomas-da-dpoc\/\"><img loading=\"lazy\" decoding=\"async\" src=\"https:\/\/lungflarecare.com\/wp-content\/uploads\/sites\/8\/2021\/08\/iStock-682635436-150x150.jpg\" alt=\"\" class=\"wp-image-1444\" width=\"150\" height=\"150\"\/><\/a><\/figure><\/div>\n\n\n\n<p class=\"has-text-align-center\"><a href=\"https:\/\/lungflarecare.com\/pt-br\/sobre-a-dpoc\/sintomas-da-dpoc\/\">Sintomas da DPOC<\/a><\/p>\n<\/div>\n\n\n\n<div class=\"wp-block-column is-layout-flow wp-block-column-is-layout-flow\">\n<div class=\"wp-block-image\"><figure class=\"aligncenter size-thumbnail\"><a href=\"https:\/\/lungflarecare.com\/pt-br\/sobre-a-dpoc\/habitos-saudaveis\/\"><img loading=\"lazy\" decoding=\"async\" width=\"150\" height=\"150\" src=\"https:\/\/lungflarecare.com\/wp-content\/uploads\/sites\/8\/2021\/08\/iStock-1322473107-150x150.jpg\" alt=\"\" class=\"wp-image-1484\"\/><\/a><\/figure><\/div>\n\n\n\n<p class=\"has-text-align-center\"><a href=\"https:\/\/lungflarecare.com\/pt-br\/sobre-a-dpoc\/habitos-saudaveis\/\" data-type=\"page\" data-id=\"820\">H\u00e1bitos saud\u00e1veis<\/a><\/p>\n<\/div>\n\n\n\n<div class=\"wp-block-column is-layout-flow wp-block-column-is-layout-flow\">\n<div class=\"wp-block-image\"><figure class=\"aligncenter size-thumbnail\"><a href=\"https:\/\/lungflarecare.com\/pt-br\/sobre-a-dpoc\/medicamentos\/\"><img loading=\"lazy\" decoding=\"async\" width=\"150\" height=\"150\" src=\"https:\/\/lungflarecare.com\/wp-content\/uploads\/sites\/8\/2021\/08\/iStock-474803892-150x150.jpg\" alt=\"\" class=\"wp-image-1478\"\/><\/a><\/figure><\/div>\n\n\n\n<p class=\"has-text-align-center\"><a href=\"https:\/\/lungflarecare.com\/pt-br\/sobre-a-dpoc\/medicamentos\/\" data-type=\"page\" data-id=\"810\">Medicamentos<\/a><\/p>\n<\/div>\n<\/div>\n\n<p><\/p>\n","protected":false},"excerpt":{"rendered":"<p>Uma boa gest\u00e3o da DPOC come\u00e7a com um conhecimento exato das suas causas, diagn\u00f3stico, impacto e tratamento. Embora a DPOC possa n\u00e3o ter cura, muitas coisas podem ser feitas para reduzir o seu impacto na fun\u00e7\u00e3o di\u00e1ria e otimizar a qualidade de vida das pessoas afectadas por ela. Esta se\u00e7\u00e3o apresenta uma vis\u00e3o geral dos&hellip;&nbsp;<a href=\"https:\/\/lungflarecare.com\/pt-br\/sobre-a-dpoc\/\" rel=\"bookmark\">Read More &raquo;<span class=\"screen-reader-text\">Sobre a DPOC<\/span><\/a><\/p>\n","protected":false},"author":2,"featured_media":2706,"parent":0,"menu_order":1,"comment_status":"closed","ping_status":"closed","template":"","meta":{"neve_meta_sidebar":"full-width","neve_meta_container":"","neve_meta_enable_content_width":"on","neve_meta_content_width":100,"neve_meta_title_alignment":"","neve_meta_author_avatar":"","neve_post_elements_order":"","neve_meta_disable_header":"","neve_meta_disable_footer":"","neve_meta_disable_title":"","neve_meta_reading_time":"","_themeisle_gutenberg_block_has_review":false,"footnotes":""},"class_list":["post-3234","page","type-page","status-publish","has-post-thumbnail","hentry"],"jetpack_sharing_enabled":true,"_links":{"self":[{"href":"https:\/\/lungflarecare.com\/pt-br\/wp-json\/wp\/v2\/pages\/3234","targetHints":{"allow":["GET"]}}],"collection":[{"href":"https:\/\/lungflarecare.com\/pt-br\/wp-json\/wp\/v2\/pages"}],"about":[{"href":"https:\/\/lungflarecare.com\/pt-br\/wp-json\/wp\/v2\/types\/page"}],"author":[{"embeddable":true,"href":"https:\/\/lungflarecare.com\/pt-br\/wp-json\/wp\/v2\/users\/2"}],"replies":[{"embeddable":true,"href":"https:\/\/lungflarecare.com\/pt-br\/wp-json\/wp\/v2\/comments?post=3234"}],"version-history":[{"count":0,"href":"https:\/\/lungflarecare.com\/pt-br\/wp-json\/wp\/v2\/pages\/3234\/revisions"}],"wp:featuredmedia":[{"embeddable":true,"href":"https:\/\/lungflarecare.com\/pt-br\/wp-json\/wp\/v2\/media\/2706"}],"wp:attachment":[{"href":"https:\/\/lungflarecare.com\/pt-br\/wp-json\/wp\/v2\/media?parent=3234"}],"curies":[{"name":"wp","href":"https:\/\/api.w.org\/{rel}","templated":true}]}}